{"id":797,"date":"2020-03-16T16:30:16","date_gmt":"2020-03-16T16:30:16","guid":{"rendered":"http:\/\/cberpsever.pt\/?page_id=797"},"modified":"2022-01-25T15:15:50","modified_gmt":"2022-01-25T15:15:50","slug":"outros-documentos","status":"publish","type":"page","link":"https:\/\/cberpsever.pt\/index.php\/outros-documentos\/","title":{"rendered":"Outros Documentos"},"content":{"rendered":"\n<div class=\"wp-block-themeisle-blocks-advanced-columns has-1-columns has-desktop-equal-layout has-tablet-equal-layout has-mobile-equal-layout has-default-gap has-vertical-unset\" id=\"wp-block-themeisle-blocks-advanced-columns-9019d3f6\"><div class=\"wp-block-themeisle-blocks-advanced-columns-overlay\"><\/div><div class=\"innerblocks-wrap\">\n\n<div class=\"wp-block-themeisle-blocks-advanced-column\" id=\"wp-block-themeisle-blocks-advanced-column-61ce35ef\">\n\n<ul class=\"wp-block-list\"><li><strong>COVID-19 <\/strong><em><a href=\"http:\/\/cberpsever.pt\/index.php\/2020\/03\/16\/covid-19\/\"><strong>COMO LIDAR COM UMA SITUA\u00c7\u00c3O DE ISOLAMENTO SE FOR UM CIDAD\u00c3O S\u00c9NIOR<\/strong><\/a><\/em><\/li><\/ul>\n\n<\/div>\n\n<\/div><\/div>\n","protected":false},"excerpt":{"rendered":"","protected":false},"author":1,"featured_media":0,"parent":0,"menu_order":0,"comment_status":"closed","ping_status":"closed","template":"","meta":{"pgc_sgb_lightbox_settings":"","footnotes":""},"class_list":["post-797","page","type-page","status-publish","hentry"],"_links":{"self":[{"href":"https:\/\/cberpsever.pt\/index.php\/wp-json\/wp\/v2\/pages\/797"}],"collection":[{"href":"https:\/\/cberpsever.pt\/index.php\/wp-json\/wp\/v2\/pages"}],"about":[{"href":"https:\/\/cberpsever.pt\/index.php\/wp-json\/wp\/v2\/types\/page"}],"author":[{"embeddable":true,"href":"https:\/\/cberpsever.pt\/index.php\/wp-json\/wp\/v2\/users\/1"}],"replies":[{"embeddable":true,"href":"https:\/\/cberpsever.pt\/index.php\/wp-json\/wp\/v2\/comments?post=797"}],"version-history":[{"count":7,"href":"https:\/\/cberpsever.pt\/index.php\/wp-json\/wp\/v2\/pages\/797\/revisions"}],"predecessor-version":[{"id":1359,"href":"https:\/\/cberpsever.pt\/index.php\/wp-json\/wp\/v2\/pages\/797\/revisions\/1359"}],"wp:attachment":[{"href":"https:\/\/cberpsever.pt\/index.php\/wp-json\/wp\/v2\/media?parent=797"}],"curies":[{"name":"wp","href":"https:\/\/api.w.org\/{rel}","templated":true}]}}