{"id":1317,"date":"2022-01-25T13:22:22","date_gmt":"2022-01-25T13:22:22","guid":{"rendered":"https:\/\/cberpsever.pt\/?page_id=1317"},"modified":"2025-05-14T13:24:31","modified_gmt":"2025-05-14T13:24:31","slug":"o-cberpsever-historia","status":"publish","type":"page","link":"https:\/\/cberpsever.pt\/index.php\/o-cberpsever-historia\/","title":{"rendered":"O CBERPSEVER &#8211; Hist\u00f3ria"},"content":{"rendered":"\n<p><\/p>\n\n\n<p style=\"text-align: justify;\">O Centro de Bem-Estar e Repouso da Par\u00f3quia de Sever (C.B.E.R.P. Sever) \u00e9 uma Institui\u00e7\u00e3o Particular de Solidariedade Social (IPSS), com a inscri\u00e7\u00e3o n.\u00ba 8\/02 fls. 65 e 65 verso, do Livro n.\u00ba 6 das Funda\u00e7\u00f5es de Solidariedade Social e com sede no Lugar do Barrac\u00e3o, \u00a0Freguesia de Sever,\u00a0 Concelho de Moimenta da Beira, Distrito de Viseu. Foi criada por iniciativa da Comunidade Paroquial e propriedade do Conselho Econ\u00f3mico Paroquial, erecta canonicamente por Decreto do Bispo da Diocese de Lamego. Iniciou a sua atividade em 2001, com a Resposta Social &#8220;Centro de Atividades de Tempos Livres&#8221; (CATL), destinada a crian\u00e7as e jovens. Desde logo, antevendo o futuro solit\u00e1rio de uma popula\u00e7\u00e3o rural, cada vez mais envelhecida, sem retaguarda familiar pr\u00f3xima, sentiu-se a necessidade de implementar outras val\u00eancias que lhe permitisse um envelhecimento ativo e um acompanhamento personalizado em fun\u00e7\u00e3o das suas car\u00eancias\/debilidades. Esse objetivo foi alcan\u00e7ado com a entrada em funcionamento do Servi\u00e7o de Apoio Domicili\u00e1rio, em 2002 (SAD),\u00a0 do\u00a0 Centro de Dia (CD) e da Estrutura Residencial para Pessoas Idosas (ERPI), em 2010.<\/p>\n<p style=\"text-align: justify;\">A capacidade da ERPI (21 utentes) muito cedo se mostrou insuficiente, face \u00e0 crescente procura da Resposta, traduzida nas inscri\u00e7\u00f5es que, continuamente, iam aumentando \u00a0a lista de espera. Isso despoletou um processo\u00a0 para obter da Seguran\u00e7a Social a aprova\u00e7\u00e3o de uma Reprograma\u00e7\u00e3o F\u00edsica para amplia\u00e7\u00e3o das instala\u00e7\u00f5es, que contemplasse, para ERPI, a capacidade de 50 utentes (mais 29\u00a0 lugares).. Foi pedido,\u00a0 tamb\u00e9m, um aumento de capacidade de SAD de 30 para 45 utentes (mais 15 lugares),. e a cessa\u00e7\u00e3o da val\u00eancia CATL, por j\u00e1 n\u00e3o se justificar. O pedido\u00a0 mereceu aprova\u00e7\u00e3o do Conselho Diretivo do Instituto da Seguran\u00e7a Social, tendo-se desenvolvido o processo de empreitada para as obras de amplia\u00e7\u00e3o da ERPI. As novas instala\u00e7\u00f5es foram vistoriadas e aprovadas pelas entidades competentes e, na sequ\u00eancia disso, foi celebrado, com a Seguran\u00e7a Social, no final de 2020, o Acordo de aumento da capacidade da ERPI (50 utentes).<\/p>\n\n\n<p><\/p>\n\n\n\n<figure class=\"wp-block-embed is-type-video is-provider-youtube wp-block-embed-youtube wp-embed-aspect-16-9 wp-has-aspect-ratio\"><div class=\"wp-block-embed__wrapper\">\n<iframe loading=\"lazy\" title=\"CBERPS - A Nossa Institui\u00e7\u00e3o\" width=\"750\" height=\"422\" src=\"https:\/\/www.youtube.com\/embed\/mynWMFU83tE?feature=oembed\" frameborder=\"0\" allow=\"accelerometer; autoplay; clipboard-write; encrypted-media; gyroscope; picture-in-picture; web-share\" referrerpolicy=\"strict-origin-when-cross-origin\" allowfullscreen><\/iframe>\n<\/div><\/figure>\n\n\n\n<p><\/p>\n","protected":false},"excerpt":{"rendered":"<p>O Centro de Bem-Estar e Repouso da Par\u00f3quia de Sever (C.B.E.R.P. Sever) \u00e9 uma Institui\u00e7\u00e3o Particular de Solidariedade Social (IPSS), com a inscri\u00e7\u00e3o n.\u00ba 8\/02 fls. 65 e 65 verso, do Livro n.\u00ba 6 das Funda\u00e7\u00f5es de Solidariedade Social e com sede no Lugar do Barrac\u00e3o, \u00a0Freguesia de Sever,\u00a0 Concelho [&hellip;]<\/p>\n","protected":false},"author":1,"featured_media":0,"parent":0,"menu_order":0,"comment_status":"closed","ping_status":"closed","template":"","meta":{"pgc_sgb_lightbox_settings":"","footnotes":""},"class_list":["post-1317","page","type-page","status-publish","hentry"],"_links":{"self":[{"href":"https:\/\/cberpsever.pt\/index.php\/wp-json\/wp\/v2\/pages\/1317"}],"collection":[{"href":"https:\/\/cberpsever.pt\/index.php\/wp-json\/wp\/v2\/pages"}],"about":[{"href":"https:\/\/cberpsever.pt\/index.php\/wp-json\/wp\/v2\/types\/page"}],"author":[{"embeddable":true,"href":"https:\/\/cberpsever.pt\/index.php\/wp-json\/wp\/v2\/users\/1"}],"replies":[{"embeddable":true,"href":"https:\/\/cberpsever.pt\/index.php\/wp-json\/wp\/v2\/comments?post=1317"}],"version-history":[{"count":23,"href":"https:\/\/cberpsever.pt\/index.php\/wp-json\/wp\/v2\/pages\/1317\/revisions"}],"predecessor-version":[{"id":3053,"href":"https:\/\/cberpsever.pt\/index.php\/wp-json\/wp\/v2\/pages\/1317\/revisions\/3053"}],"wp:attachment":[{"href":"https:\/\/cberpsever.pt\/index.php\/wp-json\/wp\/v2\/media?parent=1317"}],"curies":[{"name":"wp","href":"https:\/\/api.w.org\/{rel}","templated":true}]}}