{"id":1332,"date":"2022-01-25T14:45:14","date_gmt":"2022-01-25T14:45:14","guid":{"rendered":"https:\/\/cberpsever.pt\/?page_id=1332"},"modified":"2025-07-23T12:21:16","modified_gmt":"2025-07-23T12:21:16","slug":"estrutura-residencial-para-pessoas-idosas-erpi","status":"publish","type":"page","link":"https:\/\/cberpsever.pt\/index.php\/estrutura-residencial-para-pessoas-idosas-erpi\/","title":{"rendered":"Estrutura Residencial para Pessoas Idosas (ERPI)"},"content":{"rendered":"\n<p><\/p>\n\n\n<p style=\"text-align: justify;\">\u00c9 uma resposta social, que tem como finalidade prestar, em perman\u00eancia, servi\u00e7os adequados \u00e0s pessoas cuja problem\u00e1tica biopsicossocial n\u00e3o permita que permane\u00e7am no seu meio natural de vida, em especial que se encontram em maior risco de perda de independ\u00eancia e\/ou autonomia relativamente \u00e0 satisfa\u00e7\u00e3o das suas necessidades b\u00e1sicas.<\/p>\n<p><strong>Proporciona:<\/strong><br \/>&#8211; Alojamento e apoio nas atividades da vida di\u00e1ria;<br \/>&#8211; Alimenta\u00e7\u00e3o (pequeno-almo\u00e7o, almo\u00e7o, lanche, jantar e ceia);<br \/>&#8211; Cuidados b\u00e1sicos de higiene e conforto pessoal;<br \/>&#8211; Cuidados m\u00e9dicos e de enfermagem gerais;<br \/>&#8211; Lavagem e tratamento de roupas;<br \/>&#8211; Anima\u00e7\u00e3o\/Ocupa\u00e7\u00e3o e lazer;<br \/>&#8211; Acompanhamento psicossocial;<br \/>&#8211; Atividades de motricidade e\/ou fisioterapia;<br \/>&#8211; Hidroterapia;<br \/>&#8211; Atividades em sala snoezelen;<br \/>&#8211; Acompanhamento e transporte a consultas m\u00e9dicas e a exames complementares de diagn\u00f3stico;<br \/>&#8211; Cuidados de imagem.<\/p>\n<p><strong>Os hor\u00e1rios das rotinas di\u00e1rias s\u00e3o:<\/strong><br \/>&#8211; Acordar e higiene pessoal \u2013 07h00<br \/>&#8211; Pequeno-almo\u00e7o \u2013 08h30 \u2013 09h00<br \/>&#8211; Almo\u00e7o \u2013 12h00<br \/>&#8211; Lanche \u2013 15h30<br \/>&#8211; Jantar \u2013 18h30<br \/>&#8211; Ceia \u2013 21h30<\/p>\n<p><strong>Pode aceder ao Regulamento <a href=\"https:\/\/cberpsever.pt\/storage\/2025\/07\/Regulamento-Interno-ERPI-2024.pdf\" target=\"_blank\" rel=\"noopener\">aqui<\/a><\/strong><\/p>\n<p><a href=\"https:\/\/cberpsever.pt\/wp-content\/uploads\/2025\/05\/WhatsApp-Image-2025-05-14-at-09.25.16-1.jpeg\"><img loading=\"lazy\" decoding=\"async\" src=\"https:\/\/cberpsever.pt\/wp-content\/uploads\/2025\/05\/WhatsApp-Image-2025-05-14-at-09.25.16-1.jpeg\" alt=\"Refeit\u00f3rio\" class=\"aligncenter wp-image-3002 size-full\" width=\"1937\" height=\"1480\" srcset=\"https:\/\/cberpsever.pt\/wp-content\/uploads\/2025\/05\/WhatsApp-Image-2025-05-14-at-09.25.16-1.jpeg 1937w, https:\/\/cberpsever.pt\/wp-content\/uploads\/2025\/05\/WhatsApp-Image-2025-05-14-at-09.25.16-1-300x229.jpeg 300w, https:\/\/cberpsever.pt\/wp-content\/uploads\/2025\/05\/WhatsApp-Image-2025-05-14-at-09.25.16-1-1024x782.jpeg 1024w, https:\/\/cberpsever.pt\/wp-content\/uploads\/2025\/05\/WhatsApp-Image-2025-05-14-at-09.25.16-1-768x587.jpeg 768w, https:\/\/cberpsever.pt\/wp-content\/uploads\/2025\/05\/WhatsApp-Image-2025-05-14-at-09.25.16-1-1536x1174.jpeg 1536w\" sizes=\"(max-width: 1937px) 100vw, 1937px\" \/><\/a><\/p>","protected":false},"excerpt":{"rendered":"<p>\u00c9 uma resposta social, que tem como finalidade prestar, em perman\u00eancia, servi\u00e7os adequados \u00e0s pessoas cuja problem\u00e1tica biopsicossocial n\u00e3o permita que permane\u00e7am no seu meio natural de vida, em especial que se encontram em maior risco de perda de independ\u00eancia e\/ou autonomia relativamente \u00e0 satisfa\u00e7\u00e3o das suas necessidades b\u00e1sicas. Proporciona:&#8211; [&hellip;]<\/p>\n","protected":false},"author":1,"featured_media":0,"parent":0,"menu_order":0,"comment_status":"closed","ping_status":"closed","template":"","meta":{"pgc_sgb_lightbox_settings":"","footnotes":""},"class_list":["post-1332","page","type-page","status-publish","hentry"],"_links":{"self":[{"href":"https:\/\/cberpsever.pt\/index.php\/wp-json\/wp\/v2\/pages\/1332"}],"collection":[{"href":"https:\/\/cberpsever.pt\/index.php\/wp-json\/wp\/v2\/pages"}],"about":[{"href":"https:\/\/cberpsever.pt\/index.php\/wp-json\/wp\/v2\/types\/page"}],"author":[{"embeddable":true,"href":"https:\/\/cberpsever.pt\/index.php\/wp-json\/wp\/v2\/users\/1"}],"replies":[{"embeddable":true,"href":"https:\/\/cberpsever.pt\/index.php\/wp-json\/wp\/v2\/comments?post=1332"}],"version-history":[{"count":16,"href":"https:\/\/cberpsever.pt\/index.php\/wp-json\/wp\/v2\/pages\/1332\/revisions"}],"predecessor-version":[{"id":3087,"href":"https:\/\/cberpsever.pt\/index.php\/wp-json\/wp\/v2\/pages\/1332\/revisions\/3087"}],"wp:attachment":[{"href":"https:\/\/cberpsever.pt\/index.php\/wp-json\/wp\/v2\/media?parent=1332"}],"curies":[{"name":"wp","href":"https:\/\/api.w.org\/{rel}","templated":true}]}}