{"id":1344,"date":"2022-01-25T15:00:26","date_gmt":"2022-01-25T15:00:26","guid":{"rendered":"https:\/\/cberpsever.pt\/?page_id=1344"},"modified":"2025-07-23T12:22:38","modified_gmt":"2025-07-23T12:22:38","slug":"servico-de-apoio-domiciliario-sad","status":"publish","type":"page","link":"https:\/\/cberpsever.pt\/index.php\/servico-de-apoio-domiciliario-sad\/","title":{"rendered":"Servi\u00e7o de Apoio Domicili\u00e1rio (SAD)"},"content":{"rendered":"\n<p><\/p>\n\n\n<p style=\"text-align: justify;\">O Servi\u00e7o de Apoio Domicili\u00e1rio \u00e9 uma Resposta Social que visa apoiar os utentes\/clientes, para que permane\u00e7am, o maior tempo poss\u00edvel, integrados no seu meio natural de vida, com conforto, dignidade e garantia de articula\u00e7\u00e3o com os Servi\u00e7os da Comunidade, especialmente com os de Sa\u00fade.<\/p>\n<p><strong data-rich-text-format-boundary=\"true\">Proporciona:<\/strong><br data-rich-text-line-break=\"true\" \/>&#8211; Distribui\u00e7\u00e3o das refei\u00e7\u00f5es (pequeno-almo\u00e7o, almo\u00e7o, lanche e jantar);<br data-rich-text-line-break=\"true\" \/>&#8211; Cuidados de higiene pessoal e conforto;<br data-rich-text-line-break=\"true\" \/>&#8211; Tratamento de roupas (1 vez por semana);<br data-rich-text-line-break=\"true\" \/>&#8211; Arruma\u00e7\u00e3o e pequenas limpezas nas divis\u00f5es utilizadas pelo Idoso no Domicilio (1 vez por semana);<br \/>&#8211; Atividades de anima\u00e7\u00e3o, socializa\u00e7\u00e3o, cultura e lazer;<br data-rich-text-line-break=\"true\" \/>&#8211; Acompanhamento psicossocial;<br \/>&#8211; Acompanhamento e transporte a consultas e a exames complementares de diagn\u00f3stico;<br \/>&#8211; Disponibiliza\u00e7\u00e3o de informa\u00e7\u00e3o facilitadora do acesso a servi\u00e7os da comunidade adequados \u00e0 satisfa\u00e7\u00e3o de outras necessidades;<br data-rich-text-line-break=\"true\" \/>&#8211; Colabora\u00e7\u00e3o na presta\u00e7\u00e3o de cuidados de sa\u00fade sob supervis\u00e3o de pessoal de sa\u00fade qualificado;<br \/>&#8211; Atividades de motricidade e\/ou fisioterapia;<br \/>&#8211; Cuidados de enfermagem;<br \/>&#8211; Produtos de apoio \u00e0 funcionalidade e autonomia.<\/p>\n<p><strong data-rich-text-format-boundary=\"true\">Funcionamento:<br \/><\/strong>Funciona, diariamente, das 9h00 \u00e0s 15h00 e das 17h30 \u00e0s 19h30.<\/p>\n<p><strong>Pode aceder ao Regulamento <a href=\"https:\/\/cberpsever.pt\/storage\/2025\/07\/Regulamento-Interno-SAD-Atualizado-2025.pdf\" target=\"_blank\" rel=\"noopener\">aqui<\/a><\/strong><\/p>\n<p><img loading=\"lazy\" decoding=\"async\" src=\"https:\/\/cberpsever.pt\/wp-content\/uploads\/2017\/07\/cropped-Cestos-de-roupa-NITO.jpg\" alt=\"\" class=\"aligncenter wp-image-198 size-full\" width=\"998\" height=\"666\" srcset=\"https:\/\/cberpsever.pt\/wp-content\/uploads\/2017\/07\/cropped-Cestos-de-roupa-NITO.jpg 998w, https:\/\/cberpsever.pt\/wp-content\/uploads\/2017\/07\/cropped-Cestos-de-roupa-NITO-300x200.jpg 300w, https:\/\/cberpsever.pt\/wp-content\/uploads\/2017\/07\/cropped-Cestos-de-roupa-NITO-768x513.jpg 768w, https:\/\/cberpsever.pt\/wp-content\/uploads\/2017\/07\/cropped-Cestos-de-roupa-NITO-800x534.jpg 800w, https:\/\/cberpsever.pt\/wp-content\/uploads\/2017\/07\/cropped-Cestos-de-roupa-NITO-540x360.jpg 540w\" sizes=\"(max-width: 998px) 100vw, 998px\" \/><\/p>","protected":false},"excerpt":{"rendered":"<p>O Servi\u00e7o de Apoio Domicili\u00e1rio \u00e9 uma Resposta Social que visa apoiar os utentes\/clientes, para que permane\u00e7am, o maior tempo poss\u00edvel, integrados no seu meio natural de vida, com conforto, dignidade e garantia de articula\u00e7\u00e3o com os Servi\u00e7os da Comunidade, especialmente com os de Sa\u00fade. Proporciona:&#8211; Distribui\u00e7\u00e3o das refei\u00e7\u00f5es (pequeno-almo\u00e7o, [&hellip;]<\/p>\n","protected":false},"author":1,"featured_media":0,"parent":0,"menu_order":0,"comment_status":"closed","ping_status":"closed","template":"","meta":{"pgc_sgb_lightbox_settings":"","footnotes":""},"class_list":["post-1344","page","type-page","status-publish","hentry"],"_links":{"self":[{"href":"https:\/\/cberpsever.pt\/index.php\/wp-json\/wp\/v2\/pages\/1344"}],"collection":[{"href":"https:\/\/cberpsever.pt\/index.php\/wp-json\/wp\/v2\/pages"}],"about":[{"href":"https:\/\/cberpsever.pt\/index.php\/wp-json\/wp\/v2\/types\/page"}],"author":[{"embeddable":true,"href":"https:\/\/cberpsever.pt\/index.php\/wp-json\/wp\/v2\/users\/1"}],"replies":[{"embeddable":true,"href":"https:\/\/cberpsever.pt\/index.php\/wp-json\/wp\/v2\/comments?post=1344"}],"version-history":[{"count":14,"href":"https:\/\/cberpsever.pt\/index.php\/wp-json\/wp\/v2\/pages\/1344\/revisions"}],"predecessor-version":[{"id":3088,"href":"https:\/\/cberpsever.pt\/index.php\/wp-json\/wp\/v2\/pages\/1344\/revisions\/3088"}],"wp:attachment":[{"href":"https:\/\/cberpsever.pt\/index.php\/wp-json\/wp\/v2\/media?parent=1344"}],"curies":[{"name":"wp","href":"https:\/\/api.w.org\/{rel}","templated":true}]}}