{"id":1460,"date":"2022-01-26T12:17:36","date_gmt":"2022-01-26T12:17:36","guid":{"rendered":"https:\/\/cberpsever.pt\/?page_id=1460"},"modified":"2022-01-26T14:32:44","modified_gmt":"2022-01-26T14:32:44","slug":"covid-19","status":"publish","type":"page","link":"https:\/\/cberpsever.pt\/index.php\/covid-19\/","title":{"rendered":"COVID-19"},"content":{"rendered":"<ul>\n<li>\n<h6><strong><a href=\"http:\/\/cberpsever.pt\/wp-content\/uploads\/2021\/09\/Plano-de-contingencia-vs-6-01-05-2021.pdf\" rel=\"noopener\" target=\"_blank\"><img loading=\"lazy\" decoding=\"async\" src=\"http:\/\/cberpsever.pt\/wp-content\/uploads\/2022\/01\/pdf_icon-150x150.png\" alt=\"\" class=\"alignnone wp-image-1067\" width=\"23\" height=\"23\" \/><\/a><\/strong> Plano de Conting\u00eancia Covid-19<\/h6>\n<\/li>\n<li>\n<h6><strong><a href=\"http:\/\/cberpsever.pt\/wp-content\/uploads\/2021\/09\/Plano-de-reabertura-de-visita-maio-2021.pdf\" rel=\"noopener\" target=\"_blank\"><img loading=\"lazy\" decoding=\"async\" src=\"http:\/\/cberpsever.pt\/wp-content\/uploads\/2022\/01\/pdf_icon-150x150.png\" alt=\"\" class=\"alignnone wp-image-1067\" width=\"23\" height=\"23\" \/><\/a><\/strong> Plano de Operacionaliza\u00e7\u00e3o de Visitas (ERPI)<\/h6>\n<\/li>\n<li>\n<h6><strong><a href=\"https:\/\/cberpsever.pt\/wp-content\/uploads\/2020\/03\/covid_19_seniores-com-lidar-com-o-isolamento.pdf\" rel=\"noopener\" target=\"_blank\"><img loading=\"lazy\" decoding=\"async\" src=\"http:\/\/cberpsever.pt\/wp-content\/uploads\/2022\/01\/pdf_icon-150x150.png\" alt=\"\" class=\"alignnone wp-image-1067\" width=\"23\" height=\"23\" \/><\/a><\/strong> Como Lidar com uma Situa\u00e7\u00e3o de Isolamento se for um Cidad\u00e3o S\u00e9nior<\/h6>\n<\/li>\n<\/ul>\n","protected":false},"excerpt":{"rendered":"<p>Plano de Conting\u00eancia Covid-19 Plano de Operacionaliza\u00e7\u00e3o de Visitas (ERPI) Como Lidar com uma Situa\u00e7\u00e3o de Isolamento se for um Cidad\u00e3o S\u00e9nior<\/p>\n","protected":false},"author":1,"featured_media":0,"parent":0,"menu_order":0,"comment_status":"closed","ping_status":"closed","template":"","meta":{"pgc_sgb_lightbox_settings":"","footnotes":""},"class_list":["post-1460","page","type-page","status-publish","hentry"],"_links":{"self":[{"href":"https:\/\/cberpsever.pt\/index.php\/wp-json\/wp\/v2\/pages\/1460"}],"collection":[{"href":"https:\/\/cberpsever.pt\/index.php\/wp-json\/wp\/v2\/pages"}],"about":[{"href":"https:\/\/cberpsever.pt\/index.php\/wp-json\/wp\/v2\/types\/page"}],"author":[{"embeddable":true,"href":"https:\/\/cberpsever.pt\/index.php\/wp-json\/wp\/v2\/users\/1"}],"replies":[{"embeddable":true,"href":"https:\/\/cberpsever.pt\/index.php\/wp-json\/wp\/v2\/comments?post=1460"}],"version-history":[{"count":4,"href":"https:\/\/cberpsever.pt\/index.php\/wp-json\/wp\/v2\/pages\/1460\/revisions"}],"predecessor-version":[{"id":1487,"href":"https:\/\/cberpsever.pt\/index.php\/wp-json\/wp\/v2\/pages\/1460\/revisions\/1487"}],"wp:attachment":[{"href":"https:\/\/cberpsever.pt\/index.php\/wp-json\/wp\/v2\/media?parent=1460"}],"curies":[{"name":"wp","href":"https:\/\/api.w.org\/{rel}","templated":true}]}}