{"id":225,"date":"2017-07-13T15:39:28","date_gmt":"2017-07-13T15:39:28","guid":{"rendered":"http:\/\/cberpsever.pt\/?page_id=225"},"modified":"2025-05-14T13:23:13","modified_gmt":"2025-05-14T13:23:13","slug":"contactos-2","status":"publish","type":"page","link":"https:\/\/cberpsever.pt\/index.php\/contactos-2\/","title":{"rendered":"Contactos"},"content":{"rendered":"\n<p><\/p>\n\n\n<p style=\"text-align: left;\"><strong>CENTRO DE BEM-ESTAR E REPOUSO DA PAR\u00d3QUIA DE SEVER<\/strong><\/p>\n<p style=\"text-align: left;\"><strong>Telefone:<\/strong> (+351) 254 588 272 (chamada para rede fixa nacional)<br \/><strong>Fax:<\/strong> (+351) 254 588 290 (chamada para rede fixa nacional)<\/p>\n<p style=\"text-align: left;\"><strong>Hor\u00e1rio de atendimento:<\/strong> 2\u00aa a 6\u00aa das 9h00 \u00e0s 17h00<\/p>\n<p style=\"text-align: left;\"><strong>Hor\u00e1rio de visita:<\/strong> Diariamente das 10h00 \u00e0s 11h50 e das 14h30 \u00e0s 16h50. As visitas devem ser marcadas com anteced\u00eancia pelos nossos canais de contacto.<\/p>\n<p style=\"text-align: left;\"><strong>Email:<\/strong> geral@cberpsever.pt<\/p>\n<p style=\"text-align: left;\"><strong>Facebook:<\/strong> www.facebook.com\/cberp.sever<\/p>\n<p style=\"text-align: left;\"><strong>Morada:<\/strong> Bairro da Ponte, 4, Barrac\u00e3o<br \/>3620-502 Sever-Moimenta da Beira<\/p>\n<p style=\"text-align: left;\"><strong>NIPC:<\/strong> 505 695 367<\/p>","protected":false},"excerpt":{"rendered":"<p>CENTRO DE BEM-ESTAR E REPOUSO DA PAR\u00d3QUIA DE SEVER Telefone: (+351) 254 588 272 (chamada para rede fixa nacional)Fax: (+351) 254 588 290 (chamada para rede fixa nacional) Hor\u00e1rio de atendimento: 2\u00aa a 6\u00aa das 9h00 \u00e0s 17h00 Hor\u00e1rio de visita: Diariamente das 10h00 \u00e0s 11h50 e das 14h30 \u00e0s [&hellip;]<\/p>\n","protected":false},"author":1,"featured_media":0,"parent":0,"menu_order":0,"comment_status":"closed","ping_status":"closed","template":"","meta":{"pgc_sgb_lightbox_settings":"","footnotes":""},"class_list":["post-225","page","type-page","status-publish","hentry"],"_links":{"self":[{"href":"https:\/\/cberpsever.pt\/index.php\/wp-json\/wp\/v2\/pages\/225"}],"collection":[{"href":"https:\/\/cberpsever.pt\/index.php\/wp-json\/wp\/v2\/pages"}],"about":[{"href":"https:\/\/cberpsever.pt\/index.php\/wp-json\/wp\/v2\/types\/page"}],"author":[{"embeddable":true,"href":"https:\/\/cberpsever.pt\/index.php\/wp-json\/wp\/v2\/users\/1"}],"replies":[{"embeddable":true,"href":"https:\/\/cberpsever.pt\/index.php\/wp-json\/wp\/v2\/comments?post=225"}],"version-history":[{"count":9,"href":"https:\/\/cberpsever.pt\/index.php\/wp-json\/wp\/v2\/pages\/225\/revisions"}],"predecessor-version":[{"id":3052,"href":"https:\/\/cberpsever.pt\/index.php\/wp-json\/wp\/v2\/pages\/225\/revisions\/3052"}],"wp:attachment":[{"href":"https:\/\/cberpsever.pt\/index.php\/wp-json\/wp\/v2\/media?parent=225"}],"curies":[{"name":"wp","href":"https:\/\/api.w.org\/{rel}","templated":true}]}}