{"id":2679,"date":"2022-04-14T22:39:45","date_gmt":"2022-04-14T22:39:45","guid":{"rendered":"https:\/\/cberpsever.pt\/?page_id=2679"},"modified":"2022-06-09T14:36:29","modified_gmt":"2022-06-09T14:36:29","slug":"caderno-de-estimulacao-cognitiva","status":"publish","type":"page","link":"https:\/\/cberpsever.pt\/index.php\/caderno-de-estimulacao-cognitiva\/","title":{"rendered":"Estimula\u00e7\u00e3o Cognitiva"},"content":{"rendered":"<p><a href=\"https:\/\/cberpsever.pt\/wp-content\/uploads\/2022\/06\/Caderno-Estimulacao-Junho-2022.pdf\" target=\"_blank\" rel=\"noopener\">Caderno de Estimula\u00e7\u00e3o Cognitiva (junho\/22)<\/a><\/p>\n<p><a href=\"https:\/\/cberpsever.pt\/wp-content\/uploads\/2022\/05\/Caderno-Estimulacao-SAD-Maio.pdf\" target=\"_blank\" rel=\"noopener\">Caderno de Estimula\u00e7\u00e3o Cognitiva (maio\/22)<\/a><\/p>\n<p><a href=\"https:\/\/cberpsever.pt\/wp-content\/uploads\/2022\/05\/Caderno-Estimulacao-SAD-Abril.pdf\" target=\"_blank\" rel=\"noopener\">Caderno de Estimula\u00e7\u00e3o Cognitiva II (abril\/22)<\/a><\/p>\n<p><a href=\"https:\/\/cberpsever.pt\/wp-content\/uploads\/2022\/04\/Caderno-Estimulacao-SAD-Abril.pdf\" target=\"_blank\" rel=\"noopener\">Caderno de Estimula\u00e7\u00e3o Cognitiva (abril\/22)<\/a><\/p>\n<p><a href=\"https:\/\/cberpsever.pt\/wp-content\/uploads\/2022\/03\/Caderno-Estimulacao-I-Marco-2022-.pdf\" target=\"_blank\" rel=\"noopener\">Caderno de Estimula\u00e7\u00e3o Cognitiva (mar\u00e7o\/22)<\/a><\/p>\n<p><a href=\"https:\/\/cberpsever.pt\/wp-content\/uploads\/2022\/03\/Caderno-Estimulacao-Fevereiro-2022.pdf\" target=\"_blank\" rel=\"noopener\">Caderno de Estimula\u00e7\u00e3o Cognitiva (fevereiro\/22)<\/a><\/p>\n\n\n<p><\/p>\n","protected":false},"excerpt":{"rendered":"<p>Caderno de Estimula\u00e7\u00e3o Cognitiva (junho\/22) Caderno de Estimula\u00e7\u00e3o Cognitiva (maio\/22) Caderno de Estimula\u00e7\u00e3o Cognitiva II (abril\/22) Caderno de Estimula\u00e7\u00e3o Cognitiva (abril\/22) Caderno de Estimula\u00e7\u00e3o Cognitiva (mar\u00e7o\/22) Caderno de Estimula\u00e7\u00e3o Cognitiva (fevereiro\/22)<\/p>\n","protected":false},"author":1,"featured_media":0,"parent":0,"menu_order":0,"comment_status":"closed","ping_status":"closed","template":"","meta":{"pgc_sgb_lightbox_settings":"","footnotes":""},"class_list":["post-2679","page","type-page","status-publish","hentry"],"_links":{"self":[{"href":"https:\/\/cberpsever.pt\/index.php\/wp-json\/wp\/v2\/pages\/2679"}],"collection":[{"href":"https:\/\/cberpsever.pt\/index.php\/wp-json\/wp\/v2\/pages"}],"about":[{"href":"https:\/\/cberpsever.pt\/index.php\/wp-json\/wp\/v2\/types\/page"}],"author":[{"embeddable":true,"href":"https:\/\/cberpsever.pt\/index.php\/wp-json\/wp\/v2\/users\/1"}],"replies":[{"embeddable":true,"href":"https:\/\/cberpsever.pt\/index.php\/wp-json\/wp\/v2\/comments?post=2679"}],"version-history":[{"count":7,"href":"https:\/\/cberpsever.pt\/index.php\/wp-json\/wp\/v2\/pages\/2679\/revisions"}],"predecessor-version":[{"id":2727,"href":"https:\/\/cberpsever.pt\/index.php\/wp-json\/wp\/v2\/pages\/2679\/revisions\/2727"}],"wp:attachment":[{"href":"https:\/\/cberpsever.pt\/index.php\/wp-json\/wp\/v2\/media?parent=2679"}],"curies":[{"name":"wp","href":"https:\/\/api.w.org\/{rel}","templated":true}]}}