{"id":433,"date":"2018-05-25T16:23:20","date_gmt":"2018-05-25T16:23:20","guid":{"rendered":"http:\/\/cberpsever.pt\/?page_id=433"},"modified":"2025-05-27T10:03:25","modified_gmt":"2025-05-27T10:03:25","slug":"contas-e-orcamentos","status":"publish","type":"page","link":"https:\/\/cberpsever.pt\/index.php\/contas-e-orcamentos\/","title":{"rendered":"Relat\u00f3rios e Contas"},"content":{"rendered":"\n<p><\/p>\n\n\n<ul>\n<li>\n<h6><strong><a href=\"https:\/\/cberpsever.pt\/wp-content\/uploads\/2024\/05\/Relatorio-e-Contas-2023.pdf\" rel=\"noopener\" target=\"_blank\"><img loading=\"lazy\" decoding=\"async\" src=\"http:\/\/cberpsever.pt\/wp-content\/uploads\/2022\/01\/pdf_icon-150x150.png\" alt=\"\" class=\"alignnone wp-image-1067\" width=\"23\" height=\"23\" \/><\/a><\/strong><a href=\"https:\/\/cberpsever.pt\/wp-content\/uploads\/2025\/05\/Relatorio-e-Contas-2024.pdf\">Relat\u00f3rio e Contas 2024<\/a><\/h6>\n<\/li>\n<li>\n<h6><strong><a href=\"https:\/\/cberpsever.pt\/wp-content\/uploads\/2024\/05\/Relatorio-e-Contas-2023.pdf\" rel=\"noopener\" target=\"_blank\"><img loading=\"lazy\" decoding=\"async\" src=\"http:\/\/cberpsever.pt\/wp-content\/uploads\/2022\/01\/pdf_icon-150x150.png\" alt=\"\" class=\"alignnone wp-image-1067\" width=\"23\" height=\"23\" \/><\/a><\/strong> <a href=\"https:\/\/cberpsever.pt\/wp-content\/uploads\/2024\/05\/Relatorio-e-Contas-2023.pdf\" target=\"_blank\" rel=\"noopener\">Relat\u00f3rio e Contas 2023<\/a><\/h6>\n<\/li>\n<li>\n<h6><strong><a href=\"https:\/\/cberpsever.pt\/wp-content\/uploads\/2023\/05\/Contas-2022.pdf\" rel=\"noopener\" target=\"_blank\"><img loading=\"lazy\" decoding=\"async\" src=\"http:\/\/cberpsever.pt\/wp-content\/uploads\/2022\/01\/pdf_icon-150x150.png\" alt=\"\" class=\"alignnone wp-image-1067\" width=\"23\" height=\"23\" \/><\/a><\/strong> <a href=\"https:\/\/cberpsever.pt\/wp-content\/uploads\/2023\/05\/Contas-2022.pdf\" target=\"_blank\" rel=\"noopener\">Relat\u00f3rio e Contas 2022<\/a><\/h6>\n<\/li>\n<li>\n<h6><strong><a href=\"https:\/\/cberpsever.pt\/wp-content\/uploads\/2022\/06\/Relatorio-e-Contas-Assinado.pdf\" rel=\"noopener\" target=\"_blank\"><img loading=\"lazy\" decoding=\"async\" src=\"http:\/\/cberpsever.pt\/wp-content\/uploads\/2022\/01\/pdf_icon-150x150.png\" alt=\"\" class=\"alignnone wp-image-1067\" width=\"23\" height=\"23\" \/><\/a><\/strong> <a href=\"https:\/\/cberpsever.pt\/wp-content\/uploads\/2022\/06\/Relatorio-e-Contas-Assinado.pdf\" target=\"_blank\" rel=\"noopener\">Relat\u00f3rio e Contas 2021<\/a><\/h6>\n<\/li>\n<li>\n<h6><strong><a href=\"http:\/\/cberpsever.pt\/wp-content\/uploads\/2021\/05\/RELATORIO-E-CONTAS-2020_1.pdf\" rel=\"noopener\" target=\"_blank\"><img loading=\"lazy\" decoding=\"async\" src=\"http:\/\/cberpsever.pt\/wp-content\/uploads\/2022\/01\/pdf_icon-150x150.png\" alt=\"\" class=\"alignnone wp-image-1067\" width=\"23\" height=\"23\" \/><\/a><\/strong> <a href=\"http:\/\/cberpsever.pt\/wp-content\/uploads\/2021\/05\/RELATORIO-E-CONTAS-2020_1.pdf\" target=\"_blank\" rel=\"noopener\">Relat\u00f3rio e Contas 2020<\/a><\/h6>\n<\/li>\n<li>\n<h6><strong><a href=\"http:\/\/cberpsever.pt\/wp-content\/uploads\/2020\/10\/Relatorio-de-Contas-Atividades-Demonstracao-Financeira.pdf\" rel=\"noopener\" target=\"_blank\"><img loading=\"lazy\" decoding=\"async\" src=\"http:\/\/cberpsever.pt\/wp-content\/uploads\/2022\/01\/pdf_icon-150x150.png\" alt=\"\" class=\"alignnone wp-image-1067\" width=\"23\" height=\"23\" \/><\/a><\/strong> <a href=\"http:\/\/cberpsever.pt\/wp-content\/uploads\/2020\/10\/Relatorio-de-Contas-Atividades-Demonstracao-Financeira.pdf\" target=\"_blank\" rel=\"noopener\">Relat\u00f3rio e Contas 2019<\/a> <strong><\/strong><\/h6>\n<\/li>\n<li>\n<h6><strong><a href=\"http:\/\/cberpsever.pt\/wp-content\/uploads\/2019\/05\/Relat\u00f3rio-de-Contas-2018.pdf\" rel=\"noopener\" target=\"_blank\"><img loading=\"lazy\" decoding=\"async\" src=\"http:\/\/cberpsever.pt\/wp-content\/uploads\/2022\/01\/pdf_icon-150x150.png\" alt=\"\" class=\"alignnone wp-image-1067\" width=\"23\" height=\"23\" \/><\/a><\/strong> <a href=\"http:\/\/cberpsever.pt\/wp-content\/uploads\/2019\/05\/Relat\u00f3rio-de-Contas-2018.pdf\" target=\"_blank\" rel=\"noopener\">Relat\u00f3rio e Contas 2018<\/a><\/h6>\n<\/li>\n<li>\n<h6><strong><a href=\"http:\/\/cberpsever.pt\/wp-content\/uploads\/2018\/05\/Contas-2017-site.pdf\" rel=\"noopener\" target=\"_blank\"><img loading=\"lazy\" decoding=\"async\" src=\"http:\/\/cberpsever.pt\/wp-content\/uploads\/2022\/01\/pdf_icon-150x150.png\" alt=\"\" class=\"alignnone wp-image-1067\" width=\"23\" height=\"23\" \/><\/a> <\/strong><a href=\"http:\/\/cberpsever.pt\/wp-content\/uploads\/2018\/05\/Contas-2017-site.pdf\" target=\"_blank\" rel=\"noopener\">Relat\u00f3rio e Contas 2017<\/a><\/h6>\n<\/li>\n<li>\n<h6><strong><a href=\"http:\/\/cberpsever.pt\/wp-content\/uploads\/2017\/07\/selection.pdf\" rel=\"noopener\" target=\"_blank\"><img loading=\"lazy\" decoding=\"async\" src=\"http:\/\/cberpsever.pt\/wp-content\/uploads\/2022\/01\/pdf_icon-150x150.png\" alt=\"\" class=\"alignnone wp-image-1067\" width=\"23\" height=\"23\" \/><\/a><\/strong> <a href=\"http:\/\/cberpsever.pt\/wp-content\/uploads\/2017\/07\/selection.pdf\" target=\"_blank\" rel=\"noopener\">Relat\u00f3rio e Contas 2016<\/a><\/h6>\n<\/li>\n<li>\n<h6><strong><a href=\"http:\/\/cberpsever.pt\/wp-content\/uploads\/2017\/07\/selection.pdf\" rel=\"noopener\" target=\"_blank\"><img loading=\"lazy\" decoding=\"async\" src=\"http:\/\/cberpsever.pt\/wp-content\/uploads\/2022\/01\/pdf_icon-150x150.png\" alt=\"\" class=\"alignnone wp-image-1067\" width=\"23\" height=\"23\" \/><\/a><\/strong><a href=\"https:\/\/cberpsever.pt\/wp-content\/uploads\/2025\/05\/ATA-\u2013-Parecer-de-Contas-do-Conselho-Fiscal-2024.pdf\">ATA \u2013 Parecer de Contas do Conselho Fiscal 2024<\/a><\/h6>\n<\/li>\n<li>\n<h6><strong><a href=\"https:\/\/cberpsever.pt\/wp-content\/uploads\/2024\/06\/ATA-\u2013-Parecer-de-Contas-do-Conselho-Fiscal-2023.pdf\" rel=\"noopener\" target=\"_blank\"><img loading=\"lazy\" decoding=\"async\" src=\"http:\/\/cberpsever.pt\/wp-content\/uploads\/2022\/01\/pdf_icon-150x150.png\" alt=\"\" class=\"alignnone wp-image-1067\" width=\"23\" height=\"23\" \/><\/a><\/strong> <a href=\"https:\/\/cberpsever.pt\/wp-content\/uploads\/2024\/06\/ATA-\u2013-Parecer-de-Contas-do-Conselho-Fiscal-2023.pdf\" target=\"_blank\" rel=\"noopener\">ATA &#8211; Parecer de Contas do Conselho Fiscal 2023<\/a><\/h6>\n<\/li>\n<li>\n<h6><strong><a href=\"https:\/\/cberpsever.pt\/wp-content\/uploads\/2023\/05\/Ata.pdf\" rel=\"noopener\" target=\"_blank\"><img loading=\"lazy\" decoding=\"async\" src=\"http:\/\/cberpsever.pt\/wp-content\/uploads\/2022\/01\/pdf_icon-150x150.png\" alt=\"\" class=\"alignnone wp-image-1067\" width=\"23\" height=\"23\" \/><\/a><\/strong> <a href=\"https:\/\/cberpsever.pt\/wp-content\/uploads\/2023\/05\/Ata.pdf\" target=\"_blank\" rel=\"noopener\">ATA &#8211; Parecer de Contas do Conselho Fiscal 2022<\/a><\/h6>\n<\/li>\n<li>\n<h6><strong><a href=\"https:\/\/cberpsever.pt\/wp-content\/uploads\/2022\/05\/DOC190522-19052022112200.pdf\" rel=\"noopener\" target=\"_blank\"><img loading=\"lazy\" decoding=\"async\" src=\"http:\/\/cberpsever.pt\/wp-content\/uploads\/2022\/01\/pdf_icon-150x150.png\" alt=\"\" class=\"alignnone wp-image-1067\" width=\"23\" height=\"23\" \/><\/a><\/strong> <a href=\"https:\/\/cberpsever.pt\/wp-content\/uploads\/2022\/05\/DOC190522-19052022112200.pdf\" target=\"_blank\" rel=\"noopener\">ATA &#8211; Parecer de Contas do Conselho Fiscal 2021<\/a><\/h6>\n<\/li>\n<li>\n<h6><strong><a href=\"http:\/\/cberpsever.pt\/wp-content\/uploads\/2021\/05\/ATA-CONSELHO-FISCAL.pdf\" rel=\"noopener\" target=\"_blank\"><img loading=\"lazy\" decoding=\"async\" src=\"http:\/\/cberpsever.pt\/wp-content\/uploads\/2022\/01\/pdf_icon-150x150.png\" alt=\"\" class=\"alignnone wp-image-1067\" width=\"23\" height=\"23\" \/><\/a><\/strong> <a href=\"http:\/\/cberpsever.pt\/wp-content\/uploads\/2021\/05\/ATA-CONSELHO-FISCAL.pdf\" target=\"_blank\" rel=\"noopener\">ATA &#8211; Parecer de Contas do Conselho Fiscal 2020<\/a><\/h6>\n<\/li>\n<li>\n<h6><strong><a href=\"https:\/\/cberpsever.pt\/wp-content\/uploads\/2022\/02\/Parecer-conselho-fiscal-contas-2019.pdf\" rel=\"noopener\" target=\"_blank\"><img loading=\"lazy\" decoding=\"async\" src=\"http:\/\/cberpsever.pt\/wp-content\/uploads\/2022\/01\/pdf_icon-150x150.png\" alt=\"\" class=\"alignnone wp-image-1067\" width=\"23\" height=\"23\" \/><\/a><\/strong> <a href=\"https:\/\/cberpsever.pt\/wp-content\/uploads\/2022\/02\/Parecer-conselho-fiscal-contas-2019.pdf\" target=\"_blank\" rel=\"noopener\">ATA &#8211; Parecer de Contas do Conselho Fiscal 2019<\/a><\/h6>\n<\/li>\n<li>\n<h6><strong><a href=\"https:\/\/cberpsever.pt\/wp-content\/uploads\/2022\/02\/Parecer-conselho-fiscal-contas-2018.pdf\" rel=\"noopener\" target=\"_blank\"><img loading=\"lazy\" decoding=\"async\" src=\"http:\/\/cberpsever.pt\/wp-content\/uploads\/2022\/01\/pdf_icon-150x150.png\" alt=\"\" class=\"alignnone wp-image-1067\" width=\"23\" height=\"23\" \/><\/a><\/strong> <a href=\"https:\/\/cberpsever.pt\/wp-content\/uploads\/2022\/02\/Parecer-conselho-fiscal-contas-2018.pdf\" target=\"_blank\" rel=\"noopener\">ATA &#8211; Parecer de Contas do Conselho Fiscal 2018<\/a><\/h6>\n<\/li>\n<li>\n<h6><strong><a href=\"https:\/\/cberpsever.pt\/wp-content\/uploads\/2022\/05\/Ata-Parecer-de-Contas-do-Conselho-Fiscal-2017.pdf\" rel=\"noopener\" target=\"_blank\"><img loading=\"lazy\" decoding=\"async\" src=\"http:\/\/cberpsever.pt\/wp-content\/uploads\/2022\/01\/pdf_icon-150x150.png\" alt=\"\" class=\"alignnone wp-image-1067\" width=\"23\" height=\"23\" \/><\/a><\/strong> <a href=\"https:\/\/cberpsever.pt\/wp-content\/uploads\/2022\/05\/Ata-Parecer-de-Contas-do-Conselho-Fiscal-2017.pdf\" target=\"_blank\" rel=\"noopener\">ATA &#8211; Parecer de Contas do Conselho Fiscal 2017<\/a><\/h6>\n<\/li>\n<li>\n<h6><strong><a href=\"https:\/\/cberpsever.pt\/wp-content\/uploads\/2022\/05\/Ata-Parecer-de-Contas-do-Conselho-Fiscal-2016.pdf\" rel=\"noopener\" target=\"_blank\"><img loading=\"lazy\" decoding=\"async\" src=\"http:\/\/cberpsever.pt\/wp-content\/uploads\/2022\/01\/pdf_icon-150x150.png\" alt=\"\" class=\"alignnone wp-image-1067\" width=\"23\" height=\"23\" \/><\/a><\/strong> <a href=\"https:\/\/cberpsever.pt\/wp-content\/uploads\/2022\/05\/Ata-Parecer-de-Contas-do-Conselho-Fiscal-2016.pdf\" target=\"_blank\" rel=\"noopener\">ATA &#8211; Parecer de Contas do Conselho Fiscal 2016<\/a><\/h6>\n<\/li>\n<li>\n<h6><strong><a href=\"https:\/\/cberpsever.pt\/wp-content\/uploads\/2022\/05\/Ata-Parecer-de-Contas-do-Conselho-Fiscal-2016.pdf\" rel=\"noopener\" target=\"_blank\"><img loading=\"lazy\" decoding=\"async\" src=\"http:\/\/cberpsever.pt\/wp-content\/uploads\/2022\/01\/pdf_icon-150x150.png\" alt=\"\" class=\"alignnone wp-image-1067\" width=\"23\" height=\"23\" \/><\/a><\/strong><a href=\"https:\/\/cberpsever.pt\/wp-content\/uploads\/2025\/05\/ATA-\u2013-Direcao-\u2013-Aprovacao-de-Contas-2024.pdf\">ATA \u2013 Dire\u00e7\u00e3o \u2013 Aprova\u00e7\u00e3o de Contas 2024<\/a><\/h6>\n<\/li>\n<li>\n<h6><strong><a href=\"https:\/\/cberpsever.pt\/wp-content\/uploads\/2024\/06\/ATA-\u2013-Direcao-\u2013-Aprovacao-de-Contas-2023.pdf\" rel=\"noopener\" target=\"_blank\"><img loading=\"lazy\" decoding=\"async\" src=\"http:\/\/cberpsever.pt\/wp-content\/uploads\/2022\/01\/pdf_icon-150x150.png\" alt=\"\" class=\"alignnone wp-image-1067\" width=\"23\" height=\"23\" \/><\/a><\/strong> <a href=\"https:\/\/cberpsever.pt\/wp-content\/uploads\/2024\/06\/ATA-\u2013-Direcao-\u2013-Aprovacao-de-Contas-2023.pdf\" target=\"_blank\" rel=\"noopener\">ATA &#8211; Dire\u00e7\u00e3o &#8211; Aprova\u00e7\u00e3o de Contas 2023<\/a><\/h6>\n<\/li>\n<li>\n<h6><strong><a href=\"https:\/\/cberpsever.pt\/wp-content\/uploads\/2023\/05\/ATA-de-direcao-contas-2022.pdf\" rel=\"noopener\" target=\"_blank\"><img loading=\"lazy\" decoding=\"async\" src=\"http:\/\/cberpsever.pt\/wp-content\/uploads\/2022\/01\/pdf_icon-150x150.png\" alt=\"\" class=\"alignnone wp-image-1067\" width=\"23\" height=\"23\" \/><\/a><\/strong> <a href=\"https:\/\/cberpsever.pt\/wp-content\/uploads\/2023\/05\/ATA-de-direcao-contas-2022.pdf\" target=\"_blank\" rel=\"noopener\">ATA &#8211; Dire\u00e7\u00e3o &#8211; Aprova\u00e7\u00e3o de Contas 2022<\/a><\/h6>\n<\/li>\n<li>\n<h6><strong><a href=\"https:\/\/cberpsever.pt\/wp-content\/uploads\/2022\/05\/DOC300522-30052022122703.pdf\" rel=\"noopener\" target=\"_blank\"><img loading=\"lazy\" decoding=\"async\" src=\"http:\/\/cberpsever.pt\/wp-content\/uploads\/2022\/01\/pdf_icon-150x150.png\" alt=\"\" class=\"alignnone wp-image-1067\" width=\"23\" height=\"23\" \/><\/a><\/strong> <a href=\"https:\/\/cberpsever.pt\/wp-content\/uploads\/2022\/05\/DOC300522-30052022122703.pdf\" target=\"_blank\" rel=\"noopener\">ATA &#8211; Dire\u00e7\u00e3o &#8211; Aprova\u00e7\u00e3o de Contas 2021<\/a><\/h6>\n<\/li>\n<li>\n<h6><strong><a href=\"http:\/\/cberpsever.pt\/wp-content\/uploads\/2021\/05\/ATA-DIRECAO-1.pdf\" rel=\"noopener\" target=\"_blank\"><img loading=\"lazy\" decoding=\"async\" src=\"http:\/\/cberpsever.pt\/wp-content\/uploads\/2022\/01\/pdf_icon-150x150.png\" alt=\"\" class=\"alignnone wp-image-1067\" width=\"23\" height=\"23\" \/><\/a><\/strong> <a href=\"http:\/\/cberpsever.pt\/wp-content\/uploads\/2021\/05\/ATA-DIRECAO-1.pdf\" target=\"_blank\" rel=\"noopener\">ATA &#8211; Dire\u00e7\u00e3o &#8211; Aprova\u00e7\u00e3o de Contas 2020<\/a><\/h6>\n<\/li>\n<li>\n<h6><strong><a href=\"https:\/\/cberpsever.pt\/wp-content\/uploads\/2022\/02\/Direcao-aprovacao-contas-2019.pdf\" rel=\"noopener\" target=\"_blank\"><img loading=\"lazy\" decoding=\"async\" src=\"http:\/\/cberpsever.pt\/wp-content\/uploads\/2022\/01\/pdf_icon-150x150.png\" alt=\"\" class=\"alignnone wp-image-1067\" width=\"23\" height=\"23\" \/><\/a><\/strong> <a href=\"https:\/\/cberpsever.pt\/wp-content\/uploads\/2022\/02\/Direcao-aprovacao-contas-2019.pdf\" target=\"_blank\" rel=\"noopener\">ATA &#8211; Dire\u00e7\u00e3o &#8211; Aprova\u00e7\u00e3o de Contas 2019<\/a><\/h6>\n<\/li>\n<li>\n<h6><strong><a href=\"https:\/\/cberpsever.pt\/wp-content\/uploads\/2022\/02\/Direcao-aprovacao-contas-2018.pdf\" rel=\"noopener\" target=\"_blank\"><img loading=\"lazy\" decoding=\"async\" src=\"http:\/\/cberpsever.pt\/wp-content\/uploads\/2022\/01\/pdf_icon-150x150.png\" alt=\"\" class=\"alignnone wp-image-1067\" width=\"23\" height=\"23\" \/><\/a><\/strong> <a href=\"https:\/\/cberpsever.pt\/wp-content\/uploads\/2022\/02\/Direcao-aprovacao-contas-2018.pdf\" target=\"_blank\" rel=\"noopener\">ATA &#8211; Dire\u00e7\u00e3o &#8211; Aprova\u00e7\u00e3o de Contas 2018<\/a><\/h6>\n<\/li>\n<li>\n<h6><strong><a href=\"https:\/\/cberpsever.pt\/wp-content\/uploads\/2022\/05\/Ata-Direcao-Aprovacao-de-Contas-2017.pdf\" rel=\"noopener\" target=\"_blank\"><img loading=\"lazy\" decoding=\"async\" src=\"http:\/\/cberpsever.pt\/wp-content\/uploads\/2022\/01\/pdf_icon-150x150.png\" alt=\"\" class=\"alignnone wp-image-1067\" width=\"23\" height=\"23\" \/><\/a><\/strong> <a href=\"https:\/\/cberpsever.pt\/wp-content\/uploads\/2022\/05\/Ata-Direcao-Aprovacao-de-Contas-2017.pdf\" target=\"_blank\" rel=\"noopener\">ATA &#8211; Dire\u00e7\u00e3o &#8211; Aprova\u00e7\u00e3o de Contas 2017<\/a><\/h6>\n<\/li>\n<\/ul>\n\n\n<p><\/p>\n","protected":false},"excerpt":{"rendered":"<p>Relat\u00f3rio e Contas 2024 Relat\u00f3rio e Contas 2023 Relat\u00f3rio e Contas 2022 Relat\u00f3rio e Contas 2021 Relat\u00f3rio e Contas 2020 Relat\u00f3rio e Contas 2019 Relat\u00f3rio e Contas 2018 Relat\u00f3rio e Contas 2017 Relat\u00f3rio e Contas 2016 ATA \u2013 Parecer de Contas do Conselho Fiscal 2024 ATA &#8211; Parecer de Contas [&hellip;]<\/p>\n","protected":false},"author":1,"featured_media":0,"parent":0,"menu_order":0,"comment_status":"closed","ping_status":"closed","template":"","meta":{"pgc_sgb_lightbox_settings":"","footnotes":""},"class_list":["post-433","page","type-page","status-publish","hentry"],"_links":{"self":[{"href":"https:\/\/cberpsever.pt\/index.php\/wp-json\/wp\/v2\/pages\/433"}],"collection":[{"href":"https:\/\/cberpsever.pt\/index.php\/wp-json\/wp\/v2\/pages"}],"about":[{"href":"https:\/\/cberpsever.pt\/index.php\/wp-json\/wp\/v2\/types\/page"}],"author":[{"embeddable":true,"href":"https:\/\/cberpsever.pt\/index.php\/wp-json\/wp\/v2\/users\/1"}],"replies":[{"embeddable":true,"href":"https:\/\/cberpsever.pt\/index.php\/wp-json\/wp\/v2\/comments?post=433"}],"version-history":[{"count":49,"href":"https:\/\/cberpsever.pt\/index.php\/wp-json\/wp\/v2\/pages\/433\/revisions"}],"predecessor-version":[{"id":3060,"href":"https:\/\/cberpsever.pt\/index.php\/wp-json\/wp\/v2\/pages\/433\/revisions\/3060"}],"wp:attachment":[{"href":"https:\/\/cberpsever.pt\/index.php\/wp-json\/wp\/v2\/media?parent=433"}],"curies":[{"name":"wp","href":"https:\/\/api.w.org\/{rel}","templated":true}]}}