{"id":71,"date":"2017-07-12T00:02:35","date_gmt":"2017-07-12T00:02:35","guid":{"rendered":"http:\/\/cberpsever.pt\/?page_id=71"},"modified":"2025-07-21T13:30:57","modified_gmt":"2025-07-21T13:30:57","slug":"missao","status":"publish","type":"page","link":"https:\/\/cberpsever.pt\/index.php\/missao\/","title":{"rendered":"Miss\u00e3o &#8211; Vis\u00e3o &#8211; Valores"},"content":{"rendered":"\n<p><\/p>\n\n\n<p style=\"text-align: justify;\"><strong>Miss\u00e3o<\/strong><br \/>Satisfazer car\u00eancias sociais atrav\u00e9s de servi\u00e7os personalizados e qualificados, especialmente na \u00e1rea da terceira idade, contribuindo para a promo\u00e7\u00e3o integral de todos os destinat\u00e1rios, coadjuvando os servi\u00e7os p\u00fablicos competentes e outras Institui\u00e7\u00f5es Particulares de Solidariedade Social, num esp\u00edrito de solidariedade humana, crist\u00e3 e social.<\/p>\n<p><a href=\"https:\/\/cberpsever.pt\/wp-content\/uploads\/2025\/07\/IMG_9210-scaled.jpg\"><img loading=\"lazy\" decoding=\"async\" src=\"https:\/\/cberpsever.pt\/wp-content\/uploads\/2025\/07\/IMG_9210-scaled-e1753104628166.jpg\" alt=\"\" width=\"2317\" height=\"1570\" class=\"aligncenter wp-image-3081 size-full\" srcset=\"https:\/\/cberpsever.pt\/wp-content\/uploads\/2025\/07\/IMG_9210-scaled-e1753104628166.jpg 2317w, https:\/\/cberpsever.pt\/wp-content\/uploads\/2025\/07\/IMG_9210-scaled-e1753104628166-300x203.jpg 300w, https:\/\/cberpsever.pt\/wp-content\/uploads\/2025\/07\/IMG_9210-scaled-e1753104628166-1024x694.jpg 1024w, https:\/\/cberpsever.pt\/wp-content\/uploads\/2025\/07\/IMG_9210-scaled-e1753104628166-768x520.jpg 768w, https:\/\/cberpsever.pt\/wp-content\/uploads\/2025\/07\/IMG_9210-scaled-e1753104628166-1536x1041.jpg 1536w, https:\/\/cberpsever.pt\/wp-content\/uploads\/2025\/07\/IMG_9210-scaled-e1753104628166-2048x1388.jpg 2048w\" sizes=\"(max-width: 2317px) 100vw, 2317px\" \/><\/a><\/p>\n<hr \/>\n<p style=\"text-align: justify;\"><strong>Vis\u00e3o<\/strong><br \/>Ser reconhecida pela Comunidade como uma Institui\u00e7\u00e3o de refer\u00eancia, nas suas \u00e1reas de interven\u00e7\u00e3o, pela qualidade dos servi\u00e7os prestados e pela rela\u00e7\u00e3o com os clientes\/utentes, familiares e comunidade.<\/p>\n<p><a href=\"https:\/\/cberpsever.pt\/wp-content\/uploads\/2025\/07\/IMG_8924-scaled.jpg\"><img loading=\"lazy\" decoding=\"async\" src=\"https:\/\/cberpsever.pt\/wp-content\/uploads\/2025\/07\/IMG_8924-scaled.jpg\" alt=\"\" width=\"2560\" height=\"1728\" class=\"aligncenter wp-image-3080 size-full\" srcset=\"https:\/\/cberpsever.pt\/wp-content\/uploads\/2025\/07\/IMG_8924-scaled.jpg 2560w, https:\/\/cberpsever.pt\/wp-content\/uploads\/2025\/07\/IMG_8924-300x203.jpg 300w, https:\/\/cberpsever.pt\/wp-content\/uploads\/2025\/07\/IMG_8924-1024x691.jpg 1024w, https:\/\/cberpsever.pt\/wp-content\/uploads\/2025\/07\/IMG_8924-768x519.jpg 768w, https:\/\/cberpsever.pt\/wp-content\/uploads\/2025\/07\/IMG_8924-1536x1037.jpg 1536w, https:\/\/cberpsever.pt\/wp-content\/uploads\/2025\/07\/IMG_8924-2048x1383.jpg 2048w\" sizes=\"(max-width: 2560px) 100vw, 2560px\" \/><\/a><\/p>\n<hr \/>\n<p style=\"text-align: justify;\"><strong>Valores<\/strong><\/p>\n<p style=\"text-align: justify;\">Humaniza\u00e7\u00e3o \/ Solidariedade \/ \u00c9tica \/ Equidade \/ Respeito \/Dedica\u00e7\u00e3o \/ Coopera\u00e7\u00e3o Responsabilidade \/ Efici\u00eancia \/ Qualidade do servi\u00e7o \/ Trabalho em equipa<\/p>\n<p><\/p>\n\n\n<figure class=\"wp-block-image size-large\"><img loading=\"lazy\" decoding=\"async\" width=\"1024\" height=\"785\" src=\"https:\/\/cberpsever.pt\/wp-content\/uploads\/2025\/07\/WhatsApp-Image-2025-05-26-at-10.59.40-1024x785.jpeg\" alt=\"\" class=\"wp-image-3079\" srcset=\"https:\/\/cberpsever.pt\/wp-content\/uploads\/2025\/07\/WhatsApp-Image-2025-05-26-at-10.59.40-1024x785.jpeg 1024w, https:\/\/cberpsever.pt\/wp-content\/uploads\/2025\/07\/WhatsApp-Image-2025-05-26-at-10.59.40-300x230.jpeg 300w, https:\/\/cberpsever.pt\/wp-content\/uploads\/2025\/07\/WhatsApp-Image-2025-05-26-at-10.59.40-768x589.jpeg 768w, https:\/\/cberpsever.pt\/wp-content\/uploads\/2025\/07\/WhatsApp-Image-2025-05-26-at-10.59.40-1536x1177.jpeg 1536w, https:\/\/cberpsever.pt\/wp-content\/uploads\/2025\/07\/WhatsApp-Image-2025-05-26-at-10.59.40.jpeg 1957w\" sizes=\"(max-width: 1024px) 100vw, 1024px\" \/><\/figure>\n","protected":false},"excerpt":{"rendered":"<p>Miss\u00e3oSatisfazer car\u00eancias sociais atrav\u00e9s de servi\u00e7os personalizados e qualificados, especialmente na \u00e1rea da terceira idade, contribuindo para a promo\u00e7\u00e3o integral de todos os destinat\u00e1rios, coadjuvando os servi\u00e7os p\u00fablicos competentes e outras Institui\u00e7\u00f5es Particulares de Solidariedade Social, num esp\u00edrito de solidariedade humana, crist\u00e3 e social. Vis\u00e3oSer reconhecida pela Comunidade como uma [&hellip;]<\/p>\n","protected":false},"author":1,"featured_media":0,"parent":0,"menu_order":0,"comment_status":"closed","ping_status":"closed","template":"","meta":{"pgc_sgb_lightbox_settings":"","footnotes":""},"class_list":["post-71","page","type-page","status-publish","hentry"],"_links":{"self":[{"href":"https:\/\/cberpsever.pt\/index.php\/wp-json\/wp\/v2\/pages\/71"}],"collection":[{"href":"https:\/\/cberpsever.pt\/index.php\/wp-json\/wp\/v2\/pages"}],"about":[{"href":"https:\/\/cberpsever.pt\/index.php\/wp-json\/wp\/v2\/types\/page"}],"author":[{"embeddable":true,"href":"https:\/\/cberpsever.pt\/index.php\/wp-json\/wp\/v2\/users\/1"}],"replies":[{"embeddable":true,"href":"https:\/\/cberpsever.pt\/index.php\/wp-json\/wp\/v2\/comments?post=71"}],"version-history":[{"count":20,"href":"https:\/\/cberpsever.pt\/index.php\/wp-json\/wp\/v2\/pages\/71\/revisions"}],"predecessor-version":[{"id":3083,"href":"https:\/\/cberpsever.pt\/index.php\/wp-json\/wp\/v2\/pages\/71\/revisions\/3083"}],"wp:attachment":[{"href":"https:\/\/cberpsever.pt\/index.php\/wp-json\/wp\/v2\/media?parent=71"}],"curies":[{"name":"wp","href":"https:\/\/api.w.org\/{rel}","templated":true}]}}