{"id":72,"date":"2017-07-12T00:02:35","date_gmt":"2017-07-12T00:02:35","guid":{"rendered":"http:\/\/cberpsever.pt\/?page_id=72"},"modified":"2022-04-13T14:13:17","modified_gmt":"2022-04-13T14:13:17","slug":"respostas-sociais","status":"publish","type":"page","link":"https:\/\/cberpsever.pt\/index.php\/respostas-sociais\/","title":{"rendered":"Respostas Sociais"},"content":{"rendered":"\n<p><\/p>\n\n\n<p><strong>ESTRUTURA RESIDENCIAL PARA PESSOAS IDOSAS (ERPI)<\/strong><\/p>\n<p>\u00c9 uma resposta social, que tem como finalidade prestar, em perman\u00eancia, servi\u00e7os adequados \u00e0s pessoas cuja problem\u00e1tica biopsicossocial n\u00e3o permita que permane\u00e7am no seu meio natural de vida, em especial que se encontram em maior risco de perda de independ\u00eancia e\/ou autonomia relativamente \u00e0 satisfa\u00e7\u00e3o das suas necessidades b\u00e1sicas.<\/p>\n<p><strong>Proporciona:<\/strong><br>&#8211; Alojamento e apoio nas atividades da vida di\u00e1ria;<br>&#8211; Alimenta\u00e7\u00e3o (pequeno-almo\u00e7o, almo\u00e7o, lanche, jantar e ceia);<br>&#8211; Cuidados b\u00e1sicos de higiene e conforto pessoal;<br>&#8211; Cuidados m\u00e9dicos e de enfermagem gerais;<br>&#8211; Lavagem e tratamento de roupas;<br>&#8211; Anima\u00e7\u00e3o\/Ocupa\u00e7\u00e3o e lazer;<br>&#8211; Acompanhamento psicossocial;<br>&#8211; Atividades de motricidade e\/ou fisioterapia;<br>&#8211; Hidroterapia;<br>&#8211; Atividades em sala snoezelen;<br>&#8211; Acompanhamento e transporte a consultas m\u00e9dicas e a exames complementares de diagn\u00f3stico;<br>&#8211; Cuidados de imagem.<\/p>\n<p><strong>Os hor\u00e1rios das rotinas di\u00e1rias s\u00e3o:<\/strong><br>&#8211; Acordar e higiene pessoal \u2013 07h00<br>&#8211; Pequeno-almo\u00e7o \u2013 08h30 \u2013 09h00<br>&#8211; Almo\u00e7o \u2013 12h00<br>&#8211; Lanche \u2013 16h00<br>&#8211; Jantar \u2013 18h30<br>&#8211; Ceia \u2013 21h30<\/p>\n<p><strong>Pode aceder ao Regulamento <a href=\"https:\/\/cberpsever.pt\/wp-content\/uploads\/2018\/12\/RI-ERPI-vers\u00e3o-1-10-06-2017.pdf\" target=\"_blank\" rel=\"noopener\">aqui<\/a><\/strong><\/p>\n\n\n<hr class=\"wp-block-separator\"\/>\n\n\n<p><strong>CENTRO DE DIA (CD)<\/strong><\/p>\n<p>A Resposta Social Centro de Dia visa promover a qualidade de vida dos utentes\/clientes, atrav\u00e9s de um acompanhamento espec\u00edfico, para retardar o processo de envelhecimento, preservando e incentivando as rela\u00e7\u00f5es familiares e as rela\u00e7\u00f5es de proximidade com a comunidade.<\/p>\n<p><strong>Proporciona:<\/strong><br>&#8211; Alimenta\u00e7\u00e3o (pequeno-almo\u00e7o, almo\u00e7o, lanche e jantar);<br>&#8211; Cuidados b\u00e1sicos de higiene e conforto pessoal;<br>&#8211; Lavagem e tratamento de roupas de uso pessoal;<br>&#8211; Anima\u00e7\u00e3o\/ocupa\u00e7\u00e3o e lazer;<br>&#8211; Transporte (de e para a Institui\u00e7\u00e3o)\u2013 Acompanhamento psicossocial;<br>&#8211; Disponibiliza\u00e7\u00e3o de informa\u00e7\u00e3o facilitadora do acesso a servi\u00e7os da comunidade adequados \u00e0 satisfa\u00e7\u00e3o de outras necessidades;<br>&#8211; Atividades de motricidade e\/ou Fisioterapia;<br>&#8211; Hidroterapia;<br>&#8211; Atividades em sala snoezelen;<br>&#8211; Colabora\u00e7\u00e3o na presta\u00e7\u00e3o de cuidados de sa\u00fade sob supervis\u00e3o de pessoal de sa\u00fade qualificado;<br>&#8211; Acompanhamento e transporte a consultas e a exames complementares de diagn\u00f3stico cuidados de enfermagem;<\/p>\n<p><strong>Funcionamento:<br><\/strong>Funciona, diariamente, das 9h00 \u00e0s 17h30<\/p>\n<p><strong>Pode aceder ao regulamento <a href=\"https:\/\/cberpsever.pt\/wp-content\/uploads\/2018\/12\/RI-Centro-de-Dia-vers\u00e3o-1-10-06-2017.pdf\" target=\"_blank\" rel=\"noopener\">aqui<\/a><\/strong><\/p>\n\n\n<hr class=\"wp-block-separator\"\/>\n\n\n<p><strong>SERVI\u00c7O DE APOIO DOMICILI\u00c1RIO (SAD)<\/strong><\/p>\n<p>O Servi\u00e7o de Apoio Domicili\u00e1rio \u00e9 uma Resposta Social que visa apoiar os utentes\/clientes, para que permane\u00e7am, o maior tempo poss\u00edvel, integrados no seu meio natural de vida, com conforto, dignidade e garantia de articula\u00e7\u00e3o com os Servi\u00e7os da Comunidade, especialmente com os de Sa\u00fade.<\/p>\n<p><strong data-rich-text-format-boundary=\"true\">Proporciona:<\/strong><br data-rich-text-line-break=\"true\" \/>&#8211; Distribui\u00e7\u00e3o das refei\u00e7\u00f5es (pequeno-almo\u00e7o, almo\u00e7o, lanche e jantar);<br data-rich-text-line-break=\"true\" \/>&#8211; Cuidados de higiene pessoal e conforto;<br data-rich-text-line-break=\"true\" \/>&#8211; Tratamento de roupas (1 vez por semana);<br data-rich-text-line-break=\"true\" \/>&#8211; Arruma\u00e7\u00e3o e pequenas limpezas nas divis\u00f5es utilizadas pelo Idoso no Domicilio (1 vez por semana);<br \/>&#8211; Atividades de anima\u00e7\u00e3o, socializa\u00e7\u00e3o, cultura e lazer;<br data-rich-text-line-break=\"true\" \/>&#8211; Acompanhamento psicossocial;<br \/>&#8211; Acompanhamento e transporte a consultas e a exames complementares de diagn\u00f3stico;<br \/>&#8211; Disponibiliza\u00e7\u00e3o de informa\u00e7\u00e3o facilitadora do acesso a servi\u00e7os da comunidade adequados \u00e0 satisfa\u00e7\u00e3o de outras necessidades;<br data-rich-text-line-break=\"true\" \/>&#8211; Colabora\u00e7\u00e3o na presta\u00e7\u00e3o de cuidados de sa\u00fade sob supervis\u00e3o de pessoal de sa\u00fade qualificado;<br \/>&#8211; Atividades de motricidade e\/ou fisioterapia;<br \/>&#8211; Cuidados de enfermagem;<br \/>&#8211; Produtos de apoio \u00e0 funcionalidade e autonomia.<\/p>\n<p><strong data-rich-text-format-boundary=\"true\">Funcionamento:<br \/><\/strong>Funciona, diariamente, das 9h00 \u00e0s 15h00 e das 17h30 \u00e0s 19h30.<\/p>\n<p><strong data-rich-text-format-boundary=\"true\">Estimula\u00e7\u00e3o Cognitiva:<\/strong><\/p>\n<p><a href=\"https:\/\/cberpsever.pt\/wp-content\/uploads\/2022\/04\/Caderno-Estimulacao-SAD-Abril.pdf\" target=\"_blank\" rel=\"noopener\">Caderno de Estimula\u00e7\u00e3o Cognitiva (abril\/22)<\/a><\/p>\n<p><a href=\"https:\/\/cberpsever.pt\/wp-content\/uploads\/2022\/03\/Caderno-Estimulacao-I-Marco-2022-.pdf\" target=\"_blank\" rel=\"noopener\">Caderno de Estimula\u00e7\u00e3o Cognitiva (mar\u00e7o\/22)<\/a><\/p>\n<p><strong data-rich-text-format-boundary=\"true\"><\/strong><a href=\"https:\/\/cberpsever.pt\/wp-content\/uploads\/2022\/03\/Caderno-Estimulacao-Fevereiro-2022.pdf\" target=\"_blank\" rel=\"noopener\">Caderno de Estimula\u00e7\u00e3o Cognitiva (fevereiro\/22)<\/a><\/p>\n<p><strong>Pode aceder ao Regulamento <a href=\"https:\/\/cberpsever.pt\/wp-content\/uploads\/2018\/12\/RI-SAD-vers\u00e3o-1-10-06-2017.pdf\" target=\"_blank\" rel=\"noopener\">aqui<\/a><\/strong><\/p>","protected":false},"excerpt":{"rendered":"<p>ESTRUTURA RESIDENCIAL PARA PESSOAS IDOSAS (ERPI) \u00c9 uma resposta social, que tem como finalidade prestar, em perman\u00eancia, servi\u00e7os adequados \u00e0s pessoas cuja problem\u00e1tica biopsicossocial n\u00e3o permita que permane\u00e7am no seu meio natural de vida, em especial que se encontram em maior risco de perda de independ\u00eancia e\/ou autonomia relativamente \u00e0 [&hellip;]<\/p>\n","protected":false},"author":1,"featured_media":0,"parent":0,"menu_order":0,"comment_status":"closed","ping_status":"closed","template":"","meta":{"pgc_sgb_lightbox_settings":"","footnotes":""},"class_list":["post-72","page","type-page","status-publish","hentry"],"_links":{"self":[{"href":"https:\/\/cberpsever.pt\/index.php\/wp-json\/wp\/v2\/pages\/72"}],"collection":[{"href":"https:\/\/cberpsever.pt\/index.php\/wp-json\/wp\/v2\/pages"}],"about":[{"href":"https:\/\/cberpsever.pt\/index.php\/wp-json\/wp\/v2\/types\/page"}],"author":[{"embeddable":true,"href":"https:\/\/cberpsever.pt\/index.php\/wp-json\/wp\/v2\/users\/1"}],"replies":[{"embeddable":true,"href":"https:\/\/cberpsever.pt\/index.php\/wp-json\/wp\/v2\/comments?post=72"}],"version-history":[{"count":15,"href":"https:\/\/cberpsever.pt\/index.php\/wp-json\/wp\/v2\/pages\/72\/revisions"}],"predecessor-version":[{"id":2678,"href":"https:\/\/cberpsever.pt\/index.php\/wp-json\/wp\/v2\/pages\/72\/revisions\/2678"}],"wp:attachment":[{"href":"https:\/\/cberpsever.pt\/index.php\/wp-json\/wp\/v2\/media?parent=72"}],"curies":[{"name":"wp","href":"https:\/\/api.w.org\/{rel}","templated":true}]}}