{"id":74,"date":"2017-07-12T00:02:35","date_gmt":"2017-07-12T00:02:35","guid":{"rendered":"http:\/\/cberpsever.pt\/?page_id=74"},"modified":"2022-03-07T17:30:58","modified_gmt":"2022-03-07T17:30:58","slug":"documentos","status":"publish","type":"page","link":"https:\/\/cberpsever.pt\/index.php\/documentos\/","title":{"rendered":"Documentos"},"content":{"rendered":"\n<p><\/p>\n\n\n\n<div class=\"wp-block-group\"><div class=\"wp-block-group__inner-container is-layout-flow wp-block-group-is-layout-flow\">\n<div class=\"wp-block-buttons is-layout-flex wp-block-buttons-is-layout-flex\">\n<div class=\"wp-block-button has-custom-width wp-block-button__width-25 has-custom-font-size is-style-outline has-small-font-size is-style-outline--7ccd3794b6b5a12592d780befd50239d\"><a class=\"wp-block-button__link has-accent-color has-text-color\" href=\"https:\/\/cberpsever.pt\/index.php\/estatutos\/\">Estatutos<\/a><\/div>\n\n\n\n<div class=\"wp-block-button has-custom-font-size is-style-outline has-small-font-size is-style-outline--fc22c05b64269f2c9f6fdc61c6df3426\"><a class=\"wp-block-button__link has-accent-color has-text-color\" href=\"https:\/\/cberpsever.pt\/index.php\/planos-anuais-2\/\">Programas de A\u00e7\u00e3o e Or\u00e7amento<\/a><\/div>\n\n\n\n<div class=\"wp-block-button has-custom-font-size is-style-outline has-small-font-size is-style-outline--09ebf7931dd35714a3725ce54e72b0fd\"><a class=\"wp-block-button__link has-accent-color has-text-color\" href=\"https:\/\/cberpsever.pt\/index.php\/contas-e-orcamentos\/\">Relat\u00f3rio e Contas<\/a><\/div>\n\n\n\n<div class=\"wp-block-button has-custom-font-size is-style-outline has-small-font-size is-style-outline--bf038a40ebd8d2be35a7431180520d00\"><a class=\"wp-block-button__link has-accent-color has-text-color\" href=\"https:\/\/cberpsever.pt\/index.php\/codigos\/\">C\u00f3digos<\/a><\/div>\n\n\n\n<div class=\"wp-block-button has-custom-font-size is-style-outline has-small-font-size is-style-outline--02eed0e17149bc2d52ece20770f4cf55\"><a class=\"wp-block-button__link has-accent-color has-text-color\" href=\"https:\/\/cberpsever.pt\/index.php\/manuais\/\">Manuais<\/a><\/div>\n\n\n\n<div class=\"wp-block-button has-custom-font-size is-style-outline has-small-font-size is-style-outline--7a8964da3bfec96b5f1c0890a627d760\"><a class=\"wp-block-button__link has-accent-color has-text-color\" href=\"https:\/\/cberpsever.pt\/index.php\/regulamentos-internos\/\">Regulamentos Internos<\/a><\/div>\n<\/div>\n<\/div><\/div>\n","protected":false},"excerpt":{"rendered":"","protected":false},"author":1,"featured_media":0,"parent":0,"menu_order":0,"comment_status":"closed","ping_status":"closed","template":"","meta":{"pgc_sgb_lightbox_settings":"","footnotes":""},"class_list":["post-74","page","type-page","status-publish","hentry"],"_links":{"self":[{"href":"https:\/\/cberpsever.pt\/index.php\/wp-json\/wp\/v2\/pages\/74"}],"collection":[{"href":"https:\/\/cberpsever.pt\/index.php\/wp-json\/wp\/v2\/pages"}],"about":[{"href":"https:\/\/cberpsever.pt\/index.php\/wp-json\/wp\/v2\/types\/page"}],"author":[{"embeddable":true,"href":"https:\/\/cberpsever.pt\/index.php\/wp-json\/wp\/v2\/users\/1"}],"replies":[{"embeddable":true,"href":"https:\/\/cberpsever.pt\/index.php\/wp-json\/wp\/v2\/comments?post=74"}],"version-history":[{"count":49,"href":"https:\/\/cberpsever.pt\/index.php\/wp-json\/wp\/v2\/pages\/74\/revisions"}],"predecessor-version":[{"id":2360,"href":"https:\/\/cberpsever.pt\/index.php\/wp-json\/wp\/v2\/pages\/74\/revisions\/2360"}],"wp:attachment":[{"href":"https:\/\/cberpsever.pt\/index.php\/wp-json\/wp\/v2\/media?parent=74"}],"curies":[{"name":"wp","href":"https:\/\/api.w.org\/{rel}","templated":true}]}}